{"id":1025,"date":"2026-03-20T14:15:55","date_gmt":"2026-03-20T14:15:55","guid":{"rendered":"https:\/\/eulalie-rosandor.com\/?page_id=1025"},"modified":"2026-03-31T09:48:15","modified_gmt":"2026-03-31T09:48:15","slug":"chapitres-a-telecharger","status":"publish","type":"page","link":"https:\/\/eulalie-rosandor.com\/en\/chapitres-a-telecharger\/","title":{"rendered":"Chapitres \u00e0 t\u00e9l\u00e9charger"},"content":{"rendered":"<div data-elementor-type=\"wp-page\" data-elementor-id=\"1025\" class=\"elementor elementor-1025\">\n\t\t\t\t<div class=\"elementor-element elementor-element-f7545b0 e-con-full e-flex e-con e-parent\" data-id=\"f7545b0\" data-element_type=\"container\" data-e-type=\"container\" data-settings=\"{&quot;background_background&quot;:&quot;classic&quot;}\">\n\t\t\t\t<div class=\"elementor-element elementor-element-3d39bd6 elementor-widget elementor-widget-heading\" data-id=\"3d39bd6\" data-element_type=\"widget\" data-e-type=\"widget\" data-widget_type=\"heading.default\">\n\t\t\t\t\t<h1 class=\"elementor-heading-title elementor-size-default\">chapitres offerts<\/h1>\t\t\t\t<\/div>\n\t\t\t\t<\/div>\n\t\t<div class=\"elementor-element elementor-element-4772aae e-flex e-con-boxed e-con e-parent\" data-id=\"4772aae\" data-element_type=\"container\" data-e-type=\"container\">\n\t\t\t\t\t<div class=\"e-con-inner\">\n\t\t<div class=\"elementor-element elementor-element-341c02f e-con-full e-flex e-con e-child\" data-id=\"341c02f\" data-element_type=\"container\" data-e-type=\"container\" data-settings=\"{&quot;background_background&quot;:&quot;classic&quot;}\">\n\t\t\t\t<div class=\"elementor-element elementor-element-c00c1fe elementor-widget elementor-widget-image\" data-id=\"c00c1fe\" data-element_type=\"widget\" data-e-type=\"widget\" data-widget_type=\"image.default\">\n\t\t\t\t\t\t\t\t\t\t\t\t\t\t\t<img decoding=\"async\" src=\"https:\/\/eulalie-rosandor.com\/wp-content\/uploads\/2026\/03\/BQHylr1s6LB0QrUYNHscD.png\" title=\"chapitres gratuits dark fantasy\" alt=\"chapitres gratuits dark fantasy\" loading=\"lazy\" \/>\t\t\t\t\t\t\t\t\t\t\t\t\t\t\t<\/div>\n\t\t<div class=\"elementor-element elementor-element-f0f6183 e-grid e-con-full e-con e-child\" data-id=\"f0f6183\" data-element_type=\"container\" data-e-type=\"container\">\n\t\t\t\t<div class=\"elementor-element elementor-element-1b9cabb elementor-widget elementor-widget-heading\" data-id=\"1b9cabb\" data-element_type=\"widget\" data-e-type=\"widget\" data-widget_type=\"heading.default\">\n\t\t\t\t\t<h3 class=\"elementor-heading-title elementor-size-default\">lecture offerte<\/h3>\t\t\t\t<\/div>\n\t\t\t\t<div class=\"elementor-element elementor-element-2fa6274 elementor-align-left elementor-widget elementor-widget-button\" data-id=\"2fa6274\" data-element_type=\"widget\" data-e-type=\"widget\" data-widget_type=\"button.default\">\n\t\t\t\t\t\t\t\t\t\t<a class=\"elementor-button elementor-button-link elementor-size-sm\" href=\"http:\/\/eulalie-rosandor.com\/wp-content\/uploads\/2026\/03\/Hanagumi-Chapitre-1-Prologue.pdf\">\n\t\t\t\t\t\t<span class=\"elementor-button-content-wrapper\">\n\t\t\t\t\t\t\t\t\t<span class=\"elementor-button-text\">CHAPITRE 1<\/span>\n\t\t\t\t\t<\/span>\n\t\t\t\t\t<\/a>\n\t\t\t\t\t\t\t\t<\/div>\n\t\t\t\t<div class=\"elementor-element elementor-element-71e4847 elementor-align-left elementor-widget elementor-widget-button\" data-id=\"71e4847\" data-element_type=\"widget\" data-e-type=\"widget\" data-widget_type=\"button.default\">\n\t\t\t\t\t\t\t\t\t\t<a class=\"elementor-button elementor-button-link elementor-size-sm\" href=\"http:\/\/eulalie-rosandor.com\/wp-content\/uploads\/2026\/03\/Hanagumi-Chapitre-2.pdf\">\n\t\t\t\t\t\t<span class=\"elementor-button-content-wrapper\">\n\t\t\t\t\t\t\t\t\t<span class=\"elementor-button-text\">CHAPITRE 2<\/span>\n\t\t\t\t\t<\/span>\n\t\t\t\t\t<\/a>\n\t\t\t\t\t\t\t\t<\/div>\n\t\t\t\t<div class=\"elementor-element elementor-element-0f2946a elementor-align-left elementor-widget elementor-widget-button\" data-id=\"0f2946a\" data-element_type=\"widget\" data-e-type=\"widget\" data-widget_type=\"button.default\">\n\t\t\t\t\t\t\t\t\t\t<a class=\"elementor-button elementor-button-link elementor-size-sm\" href=\"http:\/\/eulalie-rosandor.com\/wp-content\/uploads\/2026\/03\/Hanagumi-Chapitre-3.pdf\">\n\t\t\t\t\t\t<span class=\"elementor-button-content-wrapper\">\n\t\t\t\t\t\t\t\t\t<span class=\"elementor-button-text\">CHAPITRE 3<\/span>\n\t\t\t\t\t<\/span>\n\t\t\t\t\t<\/a>\n\t\t\t\t\t\t\t\t<\/div>\n\t\t\t\t<div class=\"elementor-element elementor-element-f0e501d elementor-align-left elementor-widget elementor-widget-button\" data-id=\"f0e501d\" data-element_type=\"widget\" data-e-type=\"widget\" data-widget_type=\"button.default\">\n\t\t\t\t\t\t\t\t\t\t<a class=\"elementor-button elementor-button-link elementor-size-sm\" href=\"http:\/\/eulalie-rosandor.com\/wp-content\/uploads\/2026\/03\/Hanagumi-Chapitre-4.pdf\">\n\t\t\t\t\t\t<span class=\"elementor-button-content-wrapper\">\n\t\t\t\t\t\t\t\t\t<span class=\"elementor-button-text\">CHAPITRE 4<\/span>\n\t\t\t\t\t<\/span>\n\t\t\t\t\t<\/a>\n\t\t\t\t\t\t\t\t<\/div>\n\t\t\t\t<div class=\"elementor-element elementor-element-4ef779b elementor-align-left elementor-widget elementor-widget-button\" data-id=\"4ef779b\" data-element_type=\"widget\" data-e-type=\"widget\" data-widget_type=\"button.default\">\n\t\t\t\t\t\t\t\t\t\t<a class=\"elementor-button elementor-button-link elementor-size-sm\" href=\"http:\/\/eulalie-rosandor.com\/wp-content\/uploads\/2026\/03\/Hanagumi-Chapitre-5.pdf\">\n\t\t\t\t\t\t<span class=\"elementor-button-content-wrapper\">\n\t\t\t\t\t\t\t\t\t<span class=\"elementor-button-text\">CHAPITRE 5<\/span>\n\t\t\t\t\t<\/span>\n\t\t\t\t\t<\/a>\n\t\t\t\t\t\t\t\t<\/div>\n\t\t\t\t<\/div>\n\t\t\t\t<\/div>\n\t\t\t\t\t<\/div>\n\t\t\t\t<\/div>\n\t\t\t\t<\/div>","protected":false},"excerpt":{"rendered":"<p>chapitres offerts lecture offerte CHAPITRE 1 CHAPITRE 2 CHAPITRE 3 CHAPITRE 4 CHAPITRE 5<\/p>","protected":false},"author":1,"featured_media":0,"parent":0,"menu_order":0,"comment_status":"closed","ping_status":"closed","template":"elementor_header_footer","meta":{"_eb_attr":"","footnotes":""},"class_list":["post-1025","page","type-page","status-publish","hentry","entry"],"yoast_head":"<!-- This site is optimized with the Yoast SEO plugin v27.2 - https:\/\/yoast.com\/product\/yoast-seo-wordpress\/ -->\n<title>Chapitres \u00e0 t\u00e9l\u00e9charger - Eulalie Rosandor<\/title>\n<meta name=\"description\" content=\"OFFERTS - 5 premiers Chapitres \u00e0 t\u00e9l\u00e9charger - La trilogie Hanagumi - Univers dark fantasy gothique\" \/>\n<meta name=\"robots\" content=\"index, follow, max-snippet:-1, max-image-preview:large, max-video-preview:-1\" \/>\n<link rel=\"canonical\" href=\"https:\/\/eulalie-rosandor.com\/en\/chapitres-a-telecharger\/\" \/>\n<meta property=\"og:locale\" content=\"en_GB\" \/>\n<meta property=\"og:type\" content=\"article\" \/>\n<meta property=\"og:title\" content=\"Chapitres \u00e0 t\u00e9l\u00e9charger - Eulalie Rosandor\" \/>\n<meta property=\"og:description\" content=\"OFFERTS - 5 premiers Chapitres \u00e0 t\u00e9l\u00e9charger - La trilogie Hanagumi - Univers dark fantasy gothique\" \/>\n<meta property=\"og:url\" content=\"https:\/\/eulalie-rosandor.com\/en\/chapitres-a-telecharger\/\" \/>\n<meta property=\"og:site_name\" content=\"Eulalie Rosandor\" \/>\n<meta property=\"article:modified_time\" content=\"2026-03-31T09:48:15+00:00\" \/>\n<meta property=\"og:image\" content=\"http:\/\/eulalie-rosandor.com\/wp-content\/uploads\/elementor\/thumbs\/BQHylr1s6LB0QrUYNHscD-rkxr75z7gev2gh7catbh65k4hqbovguyvgzq2hjukc.png\" \/>\n<meta name=\"twitter:card\" content=\"summary_large_image\" \/>\n<meta name=\"twitter:label1\" content=\"Estimated reading time\" \/>\n\t<meta name=\"twitter:data1\" content=\"1 minute\" \/>\n<script type=\"application\/ld+json\" class=\"yoast-schema-graph\">{\"@context\":\"https:\/\/schema.org\",\"@graph\":[{\"@type\":\"WebPage\",\"@id\":\"https:\/\/eulalie-rosandor.com\/chapitres-a-telecharger\/\",\"url\":\"https:\/\/eulalie-rosandor.com\/chapitres-a-telecharger\/\",\"name\":\"Chapitres \u00e0 t\u00e9l\u00e9charger - Eulalie Rosandor\",\"isPartOf\":{\"@id\":\"http:\/\/eulalie-rosandor.com\/#website\"},\"primaryImageOfPage\":{\"@id\":\"https:\/\/eulalie-rosandor.com\/chapitres-a-telecharger\/#primaryimage\"},\"image\":{\"@id\":\"https:\/\/eulalie-rosandor.com\/chapitres-a-telecharger\/#primaryimage\"},\"thumbnailUrl\":\"http:\/\/eulalie-rosandor.com\/wp-content\/uploads\/elementor\/thumbs\/BQHylr1s6LB0QrUYNHscD-rkxr75z7gev2gh7catbh65k4hqbovguyvgzq2hjukc.png\",\"datePublished\":\"2026-03-20T14:15:55+00:00\",\"dateModified\":\"2026-03-31T09:48:15+00:00\",\"description\":\"OFFERTS - 5 premiers Chapitres \u00e0 t\u00e9l\u00e9charger - La trilogie Hanagumi - Univers dark fantasy gothique\",\"breadcrumb\":{\"@id\":\"https:\/\/eulalie-rosandor.com\/chapitres-a-telecharger\/#breadcrumb\"},\"inLanguage\":\"en-GB\",\"potentialAction\":[{\"@type\":\"ReadAction\",\"target\":[\"https:\/\/eulalie-rosandor.com\/chapitres-a-telecharger\/\"]}]},{\"@type\":\"ImageObject\",\"inLanguage\":\"en-GB\",\"@id\":\"https:\/\/eulalie-rosandor.com\/chapitres-a-telecharger\/#primaryimage\",\"url\":\"http:\/\/eulalie-rosandor.com\/wp-content\/uploads\/elementor\/thumbs\/BQHylr1s6LB0QrUYNHscD-rkxr75z7gev2gh7catbh65k4hqbovguyvgzq2hjukc.png\",\"contentUrl\":\"http:\/\/eulalie-rosandor.com\/wp-content\/uploads\/elementor\/thumbs\/BQHylr1s6LB0QrUYNHscD-rkxr75z7gev2gh7catbh65k4hqbovguyvgzq2hjukc.png\"},{\"@type\":\"BreadcrumbList\",\"@id\":\"https:\/\/eulalie-rosandor.com\/chapitres-a-telecharger\/#breadcrumb\",\"itemListElement\":[{\"@type\":\"ListItem\",\"position\":1,\"name\":\"Accueil\",\"item\":\"http:\/\/eulalie-rosandor.com\/\"},{\"@type\":\"ListItem\",\"position\":2,\"name\":\"Chapitres \u00e0 t\u00e9l\u00e9charger\"}]},{\"@type\":\"WebSite\",\"@id\":\"http:\/\/eulalie-rosandor.com\/#website\",\"url\":\"http:\/\/eulalie-rosandor.com\/\",\"name\":\"Eulalie Rosandor\",\"description\":\"Bienvenue dans mon univers ...\",\"publisher\":{\"@id\":\"http:\/\/eulalie-rosandor.com\/#organization\"},\"potentialAction\":[{\"@type\":\"SearchAction\",\"target\":{\"@type\":\"EntryPoint\",\"urlTemplate\":\"http:\/\/eulalie-rosandor.com\/?s={search_term_string}\"},\"query-input\":{\"@type\":\"PropertyValueSpecification\",\"valueRequired\":true,\"valueName\":\"search_term_string\"}}],\"inLanguage\":\"en-GB\"},{\"@type\":\"Organization\",\"@id\":\"http:\/\/eulalie-rosandor.com\/#organization\",\"name\":\"Eulalie Rosandor\",\"url\":\"http:\/\/eulalie-rosandor.com\/\",\"logo\":{\"@type\":\"ImageObject\",\"inLanguage\":\"en-GB\",\"@id\":\"http:\/\/eulalie-rosandor.com\/#\/schema\/logo\/image\/\",\"url\":\"https:\/\/eulalie-rosandor.com\/wp-content\/uploads\/2026\/03\/cropped-Design-sans-titre-2026-03-10T161826.177.png\",\"contentUrl\":\"https:\/\/eulalie-rosandor.com\/wp-content\/uploads\/2026\/03\/cropped-Design-sans-titre-2026-03-10T161826.177.png\",\"width\":1078,\"height\":1188,\"caption\":\"Eulalie Rosandor\"},\"image\":{\"@id\":\"http:\/\/eulalie-rosandor.com\/#\/schema\/logo\/image\/\"}}]}<\/script>\n<!-- \/ Yoast SEO plugin. -->","yoast_head_json":{"title":"Chapitres \u00e0 t\u00e9l\u00e9charger - Eulalie Rosandor","description":"OFFERTS - 5 premiers Chapitres \u00e0 t\u00e9l\u00e9charger - La trilogie Hanagumi - Univers dark fantasy gothique","robots":{"index":"index","follow":"follow","max-snippet":"max-snippet:-1","max-image-preview":"max-image-preview:large","max-video-preview":"max-video-preview:-1"},"canonical":"https:\/\/eulalie-rosandor.com\/en\/chapitres-a-telecharger\/","og_locale":"en_GB","og_type":"article","og_title":"Chapitres \u00e0 t\u00e9l\u00e9charger - Eulalie Rosandor","og_description":"OFFERTS - 5 premiers Chapitres \u00e0 t\u00e9l\u00e9charger - La trilogie Hanagumi - Univers dark fantasy gothique","og_url":"https:\/\/eulalie-rosandor.com\/en\/chapitres-a-telecharger\/","og_site_name":"Eulalie Rosandor","article_modified_time":"2026-03-31T09:48:15+00:00","og_image":[{"url":"http:\/\/eulalie-rosandor.com\/wp-content\/uploads\/elementor\/thumbs\/BQHylr1s6LB0QrUYNHscD-rkxr75z7gev2gh7catbh65k4hqbovguyvgzq2hjukc.png","type":"","width":"","height":""}],"twitter_card":"summary_large_image","twitter_misc":{"Estimated reading time":"1 minute"},"schema":{"@context":"https:\/\/schema.org","@graph":[{"@type":"WebPage","@id":"https:\/\/eulalie-rosandor.com\/chapitres-a-telecharger\/","url":"https:\/\/eulalie-rosandor.com\/chapitres-a-telecharger\/","name":"Chapitres \u00e0 t\u00e9l\u00e9charger - Eulalie Rosandor","isPartOf":{"@id":"http:\/\/eulalie-rosandor.com\/#website"},"primaryImageOfPage":{"@id":"https:\/\/eulalie-rosandor.com\/chapitres-a-telecharger\/#primaryimage"},"image":{"@id":"https:\/\/eulalie-rosandor.com\/chapitres-a-telecharger\/#primaryimage"},"thumbnailUrl":"http:\/\/eulalie-rosandor.com\/wp-content\/uploads\/elementor\/thumbs\/BQHylr1s6LB0QrUYNHscD-rkxr75z7gev2gh7catbh65k4hqbovguyvgzq2hjukc.png","datePublished":"2026-03-20T14:15:55+00:00","dateModified":"2026-03-31T09:48:15+00:00","description":"OFFERTS - 5 premiers Chapitres \u00e0 t\u00e9l\u00e9charger - La trilogie Hanagumi - Univers dark fantasy gothique","breadcrumb":{"@id":"https:\/\/eulalie-rosandor.com\/chapitres-a-telecharger\/#breadcrumb"},"inLanguage":"en-GB","potentialAction":[{"@type":"ReadAction","target":["https:\/\/eulalie-rosandor.com\/chapitres-a-telecharger\/"]}]},{"@type":"ImageObject","inLanguage":"en-GB","@id":"https:\/\/eulalie-rosandor.com\/chapitres-a-telecharger\/#primaryimage","url":"http:\/\/eulalie-rosandor.com\/wp-content\/uploads\/elementor\/thumbs\/BQHylr1s6LB0QrUYNHscD-rkxr75z7gev2gh7catbh65k4hqbovguyvgzq2hjukc.png","contentUrl":"http:\/\/eulalie-rosandor.com\/wp-content\/uploads\/elementor\/thumbs\/BQHylr1s6LB0QrUYNHscD-rkxr75z7gev2gh7catbh65k4hqbovguyvgzq2hjukc.png"},{"@type":"BreadcrumbList","@id":"https:\/\/eulalie-rosandor.com\/chapitres-a-telecharger\/#breadcrumb","itemListElement":[{"@type":"ListItem","position":1,"name":"Accueil","item":"http:\/\/eulalie-rosandor.com\/"},{"@type":"ListItem","position":2,"name":"Chapitres \u00e0 t\u00e9l\u00e9charger"}]},{"@type":"WebSite","@id":"http:\/\/eulalie-rosandor.com\/#website","url":"http:\/\/eulalie-rosandor.com\/","name":"Eulalie Rosandor","description":"Bienvenue dans mon univers ...","publisher":{"@id":"http:\/\/eulalie-rosandor.com\/#organization"},"potentialAction":[{"@type":"SearchAction","target":{"@type":"EntryPoint","urlTemplate":"http:\/\/eulalie-rosandor.com\/?s={search_term_string}"},"query-input":{"@type":"PropertyValueSpecification","valueRequired":true,"valueName":"search_term_string"}}],"inLanguage":"en-GB"},{"@type":"Organization","@id":"http:\/\/eulalie-rosandor.com\/#organization","name":"Eulalie Rosandor","url":"http:\/\/eulalie-rosandor.com\/","logo":{"@type":"ImageObject","inLanguage":"en-GB","@id":"http:\/\/eulalie-rosandor.com\/#\/schema\/logo\/image\/","url":"https:\/\/eulalie-rosandor.com\/wp-content\/uploads\/2026\/03\/cropped-Design-sans-titre-2026-03-10T161826.177.png","contentUrl":"https:\/\/eulalie-rosandor.com\/wp-content\/uploads\/2026\/03\/cropped-Design-sans-titre-2026-03-10T161826.177.png","width":1078,"height":1188,"caption":"Eulalie Rosandor"},"image":{"@id":"http:\/\/eulalie-rosandor.com\/#\/schema\/logo\/image\/"}}]}},"_links":{"self":[{"href":"https:\/\/eulalie-rosandor.com\/en\/wp-json\/wp\/v2\/pages\/1025","targetHints":{"allow":["GET"]}}],"collection":[{"href":"https:\/\/eulalie-rosandor.com\/en\/wp-json\/wp\/v2\/pages"}],"about":[{"href":"https:\/\/eulalie-rosandor.com\/en\/wp-json\/wp\/v2\/types\/page"}],"author":[{"embeddable":true,"href":"https:\/\/eulalie-rosandor.com\/en\/wp-json\/wp\/v2\/users\/1"}],"replies":[{"embeddable":true,"href":"https:\/\/eulalie-rosandor.com\/en\/wp-json\/wp\/v2\/comments?post=1025"}],"version-history":[{"count":16,"href":"https:\/\/eulalie-rosandor.com\/en\/wp-json\/wp\/v2\/pages\/1025\/revisions"}],"predecessor-version":[{"id":1459,"href":"https:\/\/eulalie-rosandor.com\/en\/wp-json\/wp\/v2\/pages\/1025\/revisions\/1459"}],"wp:attachment":[{"href":"https:\/\/eulalie-rosandor.com\/en\/wp-json\/wp\/v2\/media?parent=1025"}],"curies":[{"name":"wp","href":"https:\/\/api.w.org\/{rel}","templated":true}]}}